{"id":325,"date":"2024-07-29T20:58:07","date_gmt":"2024-07-29T20:58:07","guid":{"rendered":"https:\/\/apareraautomocio.com\/producto\/cambio-de-aceite-y-filtro\/"},"modified":"2024-07-29T20:58:11","modified_gmt":"2024-07-29T20:58:11","slug":"cambio-de-aceite-y-filtro","status":"publish","type":"product","link":"https:\/\/apareraautomocio.com\/ca\/producto\/cambio-de-aceite-y-filtro\/","title":{"rendered":"Cambio de Aceite y Filtro"},"content":{"rendered":"<p>Cambio r\u00e1pido y eficiente de aceite y filtro para mantener tu motor en perfectas condiciones. \u00a1Reserva ya!<\/p>\n","protected":false},"excerpt":{"rendered":"<p>Cambio de aceite y filtro en tu coche, r\u00e1pido y eficiente.<\/p>\n","protected":false},"featured_media":326,"comment_status":"open","ping_status":"closed","template":"","meta":{"_acf_changed":false,"iawp_total_views":0},"marca":[22,29],"product_brand":[],"product_cat":[20,37],"product_tag":[24,25,26],"class_list":{"0":"post-325","1":"product","2":"type-product","3":"status-publish","4":"has-post-thumbnail","6":"marca-a-parera","7":"marca-automocion","8":"product_cat-mantenimiento","9":"product_cat-servicios","10":"product_tag-tag1","11":"product_tag-tag2","12":"product_tag-tag3","14":"first","15":"instock","16":"sale","17":"shipping-taxable","18":"purchasable","19":"product-type-simple"},"acf":[],"yoast_head":"<!-- This site is optimized with the Yoast SEO plugin v27.3 - https:\/\/yoast.com\/product\/yoast-seo-wordpress\/ -->\n<title>Cambio de Aceite y Filtro - A.PARERA AUTOMOCI\u00d3<\/title>\n<meta name=\"description\" content=\"Obt\u00e9n un cambio de aceite y filtro r\u00e1pido y eficiente para tu coche en A.PARERA AUTOMOCI\u00d3. Precio especial: 620,25 \u20ac. \u00a1Reserva ahora y disfruta de env\u00edo gratis y 100 d\u00edas de devoluci\u00f3n!\" \/>\n<meta name=\"robots\" content=\"index, follow, max-snippet:-1, max-image-preview:large, max-video-preview:-1\" \/>\n<link rel=\"canonical\" href=\"https:\/\/apareraautomocio.com\/ca\/producto\/cambio-de-aceite-y-filtro\/\" \/>\n<meta property=\"og:locale\" content=\"ca_ES\" \/>\n<meta property=\"og:type\" content=\"article\" \/>\n<meta property=\"og:title\" content=\"Cambio de Aceite y Filtro - A.PARERA AUTOMOCI\u00d3\" \/>\n<meta property=\"og:description\" content=\"Obt\u00e9n un cambio de aceite y filtro r\u00e1pido y eficiente para tu coche en A.PARERA AUTOMOCI\u00d3. Precio especial: 620,25 \u20ac. \u00a1Reserva ahora y disfruta de env\u00edo gratis y 100 d\u00edas de devoluci\u00f3n!\" \/>\n<meta property=\"og:url\" content=\"https:\/\/apareraautomocio.com\/ca\/producto\/cambio-de-aceite-y-filtro\/\" \/>\n<meta property=\"og:site_name\" content=\"A.PARERA AUTOMOCI\u00d3\" \/>\n<meta property=\"article:modified_time\" content=\"2024-07-29T20:58:11+00:00\" \/>\n<meta property=\"og:image\" content=\"https:\/\/apareraautomocio.com\/wp-content\/uploads\/2024\/07\/Default_Ilustracin_de_un_taller_mecnico_con_un_mecnico_sonrien_0.jpg\" \/>\n\t<meta property=\"og:image:width\" content=\"1792\" \/>\n\t<meta property=\"og:image:height\" content=\"1456\" \/>\n\t<meta property=\"og:image:type\" content=\"image\/jpeg\" \/>\n<meta name=\"twitter:card\" content=\"summary_large_image\" \/>\n<!-- \/ Yoast SEO plugin. -->","yoast_head_json":{"title":"Cambio de Aceite y Filtro - A.PARERA AUTOMOCI\u00d3","description":"Obt\u00e9n un cambio de aceite y filtro r\u00e1pido y eficiente para tu coche en A.PARERA AUTOMOCI\u00d3. Precio especial: 620,25 \u20ac. \u00a1Reserva ahora y disfruta de env\u00edo gratis y 100 d\u00edas de devoluci\u00f3n!","robots":{"index":"index","follow":"follow","max-snippet":"max-snippet:-1","max-image-preview":"max-image-preview:large","max-video-preview":"max-video-preview:-1"},"canonical":"https:\/\/apareraautomocio.com\/ca\/producto\/cambio-de-aceite-y-filtro\/","og_locale":"ca_ES","og_type":"article","og_title":"Cambio de Aceite y Filtro - A.PARERA AUTOMOCI\u00d3","og_description":"Obt\u00e9n un cambio de aceite y filtro r\u00e1pido y eficiente para tu coche en A.PARERA AUTOMOCI\u00d3. Precio especial: 620,25 \u20ac. \u00a1Reserva ahora y disfruta de env\u00edo gratis y 100 d\u00edas de devoluci\u00f3n!","og_url":"https:\/\/apareraautomocio.com\/ca\/producto\/cambio-de-aceite-y-filtro\/","og_site_name":"A.PARERA AUTOMOCI\u00d3","article_modified_time":"2024-07-29T20:58:11+00:00","og_image":[{"width":1792,"height":1456,"url":"https:\/\/apareraautomocio.com\/wp-content\/uploads\/2024\/07\/Default_Ilustracin_de_un_taller_mecnico_con_un_mecnico_sonrien_0.jpg","type":"image\/jpeg"}],"twitter_card":"summary_large_image","schema":{"@context":"https:\/\/schema.org","@graph":[{"@type":"WebPage","@id":"https:\/\/apareraautomocio.com\/ca\/producto\/cambio-de-aceite-y-filtro\/","url":"https:\/\/apareraautomocio.com\/ca\/producto\/cambio-de-aceite-y-filtro\/","name":"Cambio de Aceite y Filtro - A.PARERA AUTOMOCI\u00d3","isPartOf":{"@id":"https:\/\/apareraautomocio.com\/ca\/#website"},"primaryImageOfPage":{"@id":"https:\/\/apareraautomocio.com\/ca\/producto\/cambio-de-aceite-y-filtro\/#primaryimage"},"image":{"@id":"https:\/\/apareraautomocio.com\/ca\/producto\/cambio-de-aceite-y-filtro\/#primaryimage"},"thumbnailUrl":"https:\/\/apareraautomocio.com\/wp-content\/uploads\/2024\/07\/Default_Ilustracin_de_un_taller_mecnico_con_un_mecnico_sonrien_0.jpg","datePublished":"2024-07-29T20:58:07+00:00","dateModified":"2024-07-29T20:58:11+00:00","description":"Obt\u00e9n un cambio de aceite y filtro r\u00e1pido y eficiente para tu coche en A.PARERA AUTOMOCI\u00d3. Precio especial: 620,25 \u20ac. \u00a1Reserva ahora y disfruta de env\u00edo gratis y 100 d\u00edas de devoluci\u00f3n!","breadcrumb":{"@id":"https:\/\/apareraautomocio.com\/ca\/producto\/cambio-de-aceite-y-filtro\/#breadcrumb"},"inLanguage":"ca","potentialAction":[{"@type":"ReadAction","target":["https:\/\/apareraautomocio.com\/ca\/producto\/cambio-de-aceite-y-filtro\/"]}]},{"@type":"ImageObject","inLanguage":"ca","@id":"https:\/\/apareraautomocio.com\/ca\/producto\/cambio-de-aceite-y-filtro\/#primaryimage","url":"https:\/\/apareraautomocio.com\/wp-content\/uploads\/2024\/07\/Default_Ilustracin_de_un_taller_mecnico_con_un_mecnico_sonrien_0.jpg","contentUrl":"https:\/\/apareraautomocio.com\/wp-content\/uploads\/2024\/07\/Default_Ilustracin_de_un_taller_mecnico_con_un_mecnico_sonrien_0.jpg","width":1792,"height":1456},{"@type":"BreadcrumbList","@id":"https:\/\/apareraautomocio.com\/ca\/producto\/cambio-de-aceite-y-filtro\/#breadcrumb","itemListElement":[{"@type":"ListItem","position":1,"name":"Portada","item":"https:\/\/apareraautomocio.com\/ca\/"},{"@type":"ListItem","position":2,"name":"Tienda","item":"https:\/\/apareraautomocio.com\/tienda\/"},{"@type":"ListItem","position":3,"name":"Cambio de Aceite y Filtro"}]},{"@type":"WebSite","@id":"https:\/\/apareraautomocio.com\/ca\/#website","url":"https:\/\/apareraautomocio.com\/ca\/","name":"A.PARERA AUTOMOCI\u00d3","description":"","publisher":{"@id":"https:\/\/apareraautomocio.com\/ca\/#organization"},"potentialAction":[{"@type":"SearchAction","target":{"@type":"EntryPoint","urlTemplate":"https:\/\/apareraautomocio.com\/ca\/?s={search_term_string}"},"query-input":{"@type":"PropertyValueSpecification","valueRequired":true,"valueName":"search_term_string"}}],"inLanguage":"ca"},{"@type":"Organization","@id":"https:\/\/apareraautomocio.com\/ca\/#organization","name":"A.PARERA AUTOMOCI\u00d3","url":"https:\/\/apareraautomocio.com\/ca\/","logo":{"@type":"ImageObject","inLanguage":"ca","@id":"https:\/\/apareraautomocio.com\/ca\/#\/schema\/logo\/image\/","url":"https:\/\/apareraautomocio.com\/wp-content\/uploads\/2024\/07\/66a7f05152174_LOGO-modified.png","contentUrl":"https:\/\/apareraautomocio.com\/wp-content\/uploads\/2024\/07\/66a7f05152174_LOGO-modified.png","width":683,"height":683,"caption":"A.PARERA AUTOMOCI\u00d3"},"image":{"@id":"https:\/\/apareraautomocio.com\/ca\/#\/schema\/logo\/image\/"}}]}},"_links":{"self":[{"href":"https:\/\/apareraautomocio.com\/ca\/wp-json\/wp\/v2\/product\/325","targetHints":{"allow":["GET"]}}],"collection":[{"href":"https:\/\/apareraautomocio.com\/ca\/wp-json\/wp\/v2\/product"}],"about":[{"href":"https:\/\/apareraautomocio.com\/ca\/wp-json\/wp\/v2\/types\/product"}],"replies":[{"embeddable":true,"href":"https:\/\/apareraautomocio.com\/ca\/wp-json\/wp\/v2\/comments?post=325"}],"wp:featuredmedia":[{"embeddable":true,"href":"https:\/\/apareraautomocio.com\/ca\/wp-json\/wp\/v2\/media\/326"}],"wp:attachment":[{"href":"https:\/\/apareraautomocio.com\/ca\/wp-json\/wp\/v2\/media?parent=325"}],"wp:term":[{"taxonomy":"marca","embeddable":true,"href":"https:\/\/apareraautomocio.com\/ca\/wp-json\/wp\/v2\/marca?post=325"},{"taxonomy":"product_brand","embeddable":true,"href":"https:\/\/apareraautomocio.com\/ca\/wp-json\/wp\/v2\/product_brand?post=325"},{"taxonomy":"product_cat","embeddable":true,"href":"https:\/\/apareraautomocio.com\/ca\/wp-json\/wp\/v2\/product_cat?post=325"},{"taxonomy":"product_tag","embeddable":true,"href":"https:\/\/apareraautomocio.com\/ca\/wp-json\/wp\/v2\/product_tag?post=325"}],"curies":[{"name":"wp","href":"https:\/\/api.w.org\/{rel}","templated":true}]}}